{"id":85,"date":"2015-12-26T19:29:39","date_gmt":"2015-12-26T18:29:39","guid":{"rendered":"http:\/\/test.linuxday.ch\/?page_id=85"},"modified":"2019-11-08T14:19:32","modified_gmt":"2019-11-08T13:19:32","slug":"hintergrund","status":"publish","type":"page","link":"https:\/\/www.linux-presentation-day.ch\/index.php\/de\/hintergrund\/","title":{"rendered":"Hintergrund"},"content":{"rendered":"<h3>Was ist der Linux Presentation Day?<\/h3>\n<p>Der Linux Presentation Day Schweiz ist &#8211; anders als sein Name vermuten l\u00e4sst &#8211; nicht ein einzelner Tag, an dem sich alles um Linux dreht. Vielmehr ist es eine <strong>Veranstaltungsreihe<\/strong>, deren einzelne Anl\u00e4sse an vielen verschiedenen Orten an mehreren Terminen \u00fcber das Jahr verteilt stattfinden, und an denen sich dann &#8230; nun &#8230; alles um Linux dreht \ud83d\ude42<\/p>\n<p>Die Idee dahinter ist einfach: <strong>Erfahrene Linux-Benutzer\/innen<\/strong> f\u00fchren an vorinstallierten Computern verschiedene Linux-Systeme vor, <strong>zeigen Programme<\/strong> (Office-Paket, Mail-Programme, Media-Player usw.) und ihre Funktionen und stehen den Besucher\/innen<strong> f\u00fcr alle Fragen<\/strong> rund um den Einsatz von Linux auf dem eigenen Computer <strong>zur Verf\u00fcgung<\/strong>. Wer m\u00f6chte, kann in der Regel auch gleich vor Ort an den Computern <strong>ausprobieren<\/strong>, ob das etwas f\u00fcr ihn\/sie w\u00e4re, und welches System ihm\/ihr am meisten zusagt. Auch hier sind die Helfer\/innen vor Ort nat\u00fcrlich gern behilflich.<\/p>\n<p>Falls sich dann jemand entscheidet, Linux einmal selbst auszuprobieren und zu installieren, erh\u00e4lt er\/sie am Linux Presentation Day<strong> Kontakte und Anlaufstellen<\/strong> (meist lokale Linux User Groups, d.h. Computer-Clubs von Linux-Anwender\/innen), an die man sich bei Fragen und Problemen wenden kann.<\/p>\n<h3>Wer steht dahinter?<\/h3>\n<p>Der Linux Presentation Day ist eine gemeinsame Veranstaltungsreihe von Schweizer Linux User Groups, Hackerspaces und weiteren Linux-Gruppen. Die Veranstaltungen vor Ort werden von den jeweiligen<strong> lokalen Gruppen<\/strong> organisiert und durchgef\u00fchrt. Sie organisieren die R\u00e4umlichkeiten und Vorf\u00fchrcomputer und &#8211; besonders wichtig &#8211; sie stellen die <strong>freiwilligen Helfer\/innen<\/strong>, die an den Veranstaltungen die Besucher\/innen betreuen und bei Fragen Auskunft geben.<\/p>\n<blockquote><p>Die Veranstaltungen sind kostenlos, und alle Helfer\/innen arbeiten auf ehrenamtlicher Basis &#8211; <strong>am Linux Presentation Day verdient also niemand Geld.<\/strong><\/p><\/blockquote>\n<p>Der Grund, warum sich dennoch viele Freiwillige bereit finden, andern Anwender\/innen und Interessierten mit Rat und Tat zur Seite zu stehen, liegt denn auch woanders: <strong>Linux ist ein Gemeinschaftsprojekt<\/strong>. Viele tausend Programmierer\/innen weltweit entwickeln &#8211; meist in ihrer Freizeit &#8211; gemeinsam die Programme, die dann zusammen ein fertiges Linux-System bilden. Weitere Freiwillige arbeiten an den Bedienungsanleitungen, an den \u00dcbersetzungen, andere helfen beim Testen der Programme vor der Ver\u00f6ffentlichung. Und wieder andere bieten Support f\u00fcr Endanwender\/innen, d.h. helfen bei Problemen und Fragen von Benutzer\/innen weiter. Die Gesamtheit all dieser unz\u00e4hligen Mithelfer, Programmierer wie Anwender\/innen, wird unter dem Oberbegriff <strong>&#8222;Community&#8220;<\/strong> zusammengefasst. Das Teilen und Weitergeben von Information sowie die gegenseitige Unterst\u00fctzung sind wichtige Elemente in der Kultur der Community.<\/p>\n<hr \/>\n<p class=\"lightbulb lightbulb-left\">Die Software, die so entsteht, wird <strong>&#8222;Freie Software&#8220;<\/strong> genannt. Das bedeutet zum einen, dass der Quellcode der Programme \u00f6ffentlich einsehbar ist (was \u00fcbrigens auch den Einbau versteckter Hintert\u00fcren so gut wie verunm\u00f6glicht). Zum andern heisst das, dass dieser Quellcode von andern Programmierer\/innen wieder in ihren eigenen Programmen verwendet werden darf &#8211; solange sie sie dann wieder in gleicher Weise freigeben.<\/p>\n<hr \/>\n<p>Die Linux User Groups (Anwender-Gruppen) sind ein wichtiger Teil dieser Community. W\u00e4hrend die Kommunikation und gegenseitige Unterst\u00fctzung bei Linux-Fragen aufgrund der geografischen Verteilung der Beteiligten oft nur online im Internet (z.B. in Foren, Mailing-Listen usw.) stattfinden kann, sind die User Groups zus\u00e4tzlich auch <strong>lokal vor Ort pr\u00e4sent<\/strong>. Dadurch wird es m\u00f6glich, an den regelm\u00e4ssigen Treffen pers\u00f6nlich mit andern Anwender\/innen in Kontakt zu treten und gegebenenfalls auch einmal einen Computer zur Probleml\u00f6sung mitzubringen. In der Regel unterhalten die User Groups zus\u00e4tzlich auch noch eigene Mailing-Listen und andere Online-Hilfen.<\/p>\n<p>Am ersten internationalen <strong><a href=\"http:\/\/linux-presentation-day.org\" target=\"_blank\" rel=\"noopener noreferrer\">Linux Presentation Day 2015<\/a><\/strong> (initiiert von der <a href=\"http:\/\/www.belug.de\" target=\"_blank\" rel=\"noopener noreferrer\">Berliner Linux User Group<\/a>) waren neben \u00fcber 70 St\u00e4dten in Deutschland und \u00d6sterreich die <a href=\"http:\/\/www.lugs.ch\" target=\"_blank\" rel=\"noopener noreferrer\">Linux User Group Switzerland<\/a> (Z\u00fcrich), <a href=\"https:\/\/ruum42.ch\" target=\"_blank\" rel=\"noopener noreferrer\">Ruum42<\/a> (St.Gallen) und die <a href=\"https:\/\/lugbe.ch\" target=\"_blank\" rel=\"noopener noreferrer\">Linux User Group Bern<\/a> beteiligt. Aus dieser Kooperation entstand die Idee des gemeinsamen Linux Presentation Day Schweiz.<\/p>\n<h3>Wie kann ich mitmachen?<\/h3>\n<p>Wenn Sie sich f\u00fcr den Einsatz von Linux auf dem eigenen Computer interessieren: Suchen Sie sich in unserer<strong> <a href=\"\/index.php\/de\/termine\/\">Terminliste<\/a><\/strong> einen passenden Termin in Ihrer N\u00e4he und <strong>kommen Sie einfach vorbei!<\/strong><\/p>\n<p>Wenn Sie selber eine Veranstaltung im Rahmen des Linux Presentation Day durchf\u00fchren m\u00f6chten, <strong>nehmen Sie Kontakt mit uns auf<\/strong> (<a href=\"javascript:link_add('ch','linuxday','info','Linux Presentation Day')\">info at linuxday . ch<\/a>). Hier finden sich <strong><a href=\"\/index.php\/de\/mitmachen\/\">weitere Informationen f\u00fcr Mitveranstalter\/innen<\/a><\/strong>.<\/p>\n<p>&nbsp;<\/p>\n","protected":false},"excerpt":{"rendered":"<p>Was ist der Linux Presentation Day? Der Linux Presentation Day Schweiz ist &#8211; anders als sein Name vermuten l\u00e4sst &#8211; nicht ein einzelner Tag, an dem sich alles um Linux dreht. Vielmehr ist es eine Veranstaltungsreihe, deren einzelne Anl\u00e4sse an vielen verschiedenen Orten an mehreren Terminen \u00fcber das Jahr verteilt stattfinden, und an denen sich &hellip; <a href=\"https:\/\/www.linux-presentation-day.ch\/index.php\/de\/hintergrund\/\" class=\"more-link\"><span class=\"screen-reader-text\">Hintergrund<\/span> weiterlesen <span class=\"meta-nav\">&rarr;<\/span><\/a><\/p>\n","protected":false},"author":1,"featured_media":0,"parent":0,"menu_order":0,"comment_status":"closed","ping_status":"closed","template":"","meta":[],"_links":{"self":[{"href":"https:\/\/www.linux-presentation-day.ch\/index.php\/wp-json\/wp\/v2\/pages\/85"}],"collection":[{"href":"https:\/\/www.linux-presentation-day.ch\/index.php\/wp-json\/wp\/v2\/pages"}],"about":[{"href":"https:\/\/www.linux-presentation-day.ch\/index.php\/wp-json\/wp\/v2\/types\/page"}],"author":[{"embeddable":true,"href":"https:\/\/www.linux-presentation-day.ch\/index.php\/wp-json\/wp\/v2\/users\/1"}],"replies":[{"embeddable":true,"href":"https:\/\/www.linux-presentation-day.ch\/index.php\/wp-json\/wp\/v2\/comments?post=85"}],"version-history":[{"count":38,"href":"https:\/\/www.linux-presentation-day.ch\/index.php\/wp-json\/wp\/v2\/pages\/85\/revisions"}],"predecessor-version":[{"id":611,"href":"https:\/\/www.linux-presentation-day.ch\/index.php\/wp-json\/wp\/v2\/pages\/85\/revisions\/611"}],"wp:attachment":[{"href":"https:\/\/www.linux-presentation-day.ch\/index.php\/wp-json\/wp\/v2\/media?parent=85"}],"curies":[{"name":"wp","href":"https:\/\/api.w.org\/{rel}","templated":true}]}}