{"id":249,"date":"2016-01-18T21:57:06","date_gmt":"2016-01-18T20:57:06","guid":{"rendered":"http:\/\/test.linuxday.ch\/?page_id=249"},"modified":"2016-02-28T19:21:12","modified_gmt":"2016-02-28T18:21:12","slug":"contexte","status":"publish","type":"page","link":"https:\/\/www.linux-presentation-day.ch\/index.php\/fr\/contexte\/","title":{"rendered":"Contexte"},"content":{"rendered":"<h3>Qu\u2019est-ce que c&#8217;est le Linux Presentation Day?<\/h3>\n<p>Le Linux Presentation Day Suisse \u2013 contrairement \u00e0 ce que sugg\u00e8re son nom \u2013 n\u2019est pas une journ\u00e9e unique enti\u00e8rement consacr\u00e9e \u00e0 Linux. En fait, c\u2019est plut\u00f4t une <strong>s\u00e9rie de manifestations<\/strong> dont les diff\u00e9rents \u00e9v\u00e9nements ont lieu en de nombreux endroits \u00e0 diff\u00e9rentes dates tout le long de l\u2019ann\u00e9e et qui sont enti\u00e8rement consacr\u00e9es \u00e0 Linux.<\/p>\n<p>L\u2019id\u00e9e de fond est simple: <strong>des utilisateurs de Linux exp\u00e9riment\u00e9s<\/strong> pr\u00e9sentent diff\u00e9rents syst\u00e8mes Linux sur des ordinateurs pr\u00e9-install\u00e9s, <strong>montrent des programmes<\/strong> (pack Office, programmes d\u2019e-mail, lecteurs de m\u00e9dia, etc.) et leurs fonctions et se tiennent \u00e0 disposition des visiteurs <strong>pour toutes les questions<\/strong> concernant l\u2019utilisation de Linux sur l\u2019ordinateur personnel. En r\u00e8gle g\u00e9n\u00e9rale, ceux qui le souhaitent peuvent aussi <strong>essayer directement sur place<\/strong> si cela peut les concerner et quel syst\u00e8me leur convient le mieux. L\u00e0 aussi bien s\u00fbr, les b\u00e9n\u00e9voles sont volontiers pr\u00eats \u00e0 vous aider.<\/p>\n<p>Si quelqu\u2019un d\u00e9cide d\u2019essayer voire d\u2019installer Linux lui-m\u00eame, il\/elle obtient lors du Linux Presentation Day des <strong>contacts et adresses<\/strong> (g\u00e9n\u00e9ralement des Linux User Groups locaux, c\u2019est-\u00e0-dire des clubs informatiques d\u2019utilisateurs Linux), o\u00f9 il peut s\u2019adresser en cas de questions et de probl\u00e8mes.<\/p>\n<h3>Qui est derri\u00e8re tout cela?<\/h3>\n<p>Le Linux Presentation Day est une s\u00e9rie commune de manifestations de Linux User Groups suisses, de hackerspaces et d\u2019autres groupes Linux. Les manifestations sur place sont organis\u00e9es et r\u00e9alis\u00e9es par les <strong>groupes locaux<\/strong>. Ils procurent les locaux et les ordinateurs de d\u00e9monstration et \u2013 ce qui est particuli\u00e8rement important \u2013 ils fournissent les <strong>b\u00e9n\u00e9voles<\/strong> qui s\u2019occupent des visiteurs lors des \u00e9v\u00e9nements et r\u00e9pondent aux questions.<\/p>\n<blockquote><p>Les manifestations sont gratuites et tous les b\u00e9n\u00e9voles travaillent \u00e0 titre honorifique \u2013 <strong>donc personne ne gagne de l\u2019argent au Linux Presentation Day<\/strong>.<\/p><\/blockquote>\n<p>Aussi, la raison pour laquelle de nombreux volontaires sont pr\u00eats \u00e0 aider et conseiller les utilisateurs et les int\u00e9ress\u00e9s se situe ailleurs: <strong>Linux est un projet communautaire.<\/strong> Des milliers de programmateurs \u00e0 travers le monde d\u00e9veloppent en commun \u2013 g\u00e9n\u00e9ralement pendant leurs loisirs \u2013 les programmes qui, rassembl\u00e9s, constituent un syst\u00e8me Linux fini. D\u2019autres b\u00e9n\u00e9voles travaillent sur les notices d\u2019utilisation, sur les traductions, d\u2019autres encore aident \u00e0 tester les programmes avant la publication. Et d\u2019autres offrent leur assistance aux utilisateurs finaux, c\u2019est-\u00e0-dire qu\u2019ils aident les utilisateurs en cas de questions ou de probl\u00e8mes. L\u2019ensemble des innombrables b\u00e9n\u00e9voles, programmateurs et utilisateurs est regroup\u00e9e sous le terme g\u00e9n\u00e9rique de <strong>&#8222;communaut\u00e9&#8220;<\/strong>. Le partage et la transmission de l\u2019information ainsi que le soutien mutuel sont des \u00e9l\u00e9ments importants dans la culture de la communaut\u00e9.<\/p>\n<hr\/>\n<p class=\"lightbulb lightbulb-left\">Le logiciel cr\u00e9\u00e9 de la sorte est appel\u00e9 <strong>&#8222;logiciel libre&#8220;<\/strong>. Cela signifie d\u2019une part que le code source des programmes peut \u00eatre consult\u00e9 publiquement (ce qui notamment rend pratiquement impossible l\u2019int\u00e9gration d\u2019acc\u00e8s cach\u00e9s). Cela signifie d\u2019autre part que d\u2019autres programmateurs peuvent \u00e0 nouveau utiliser ce code source dans leurs propres programmes \u2013 tant qu\u2019ils le mettent ensuite en libre acc\u00e8s de la m\u00eame mani\u00e8re.<\/p>\n<hr\/>\n<p>Les Linux User Groups (groupes d\u2019utilisateurs) constituent une part importante de cette communaut\u00e9. Tandis que la communication et le soutien mutuel pour les questions concernant Linux peuvent se faire uniquement en ligne sur internet (par ex. dans des forums, sur des listes de mailing, etc.) en raison de l\u2019\u00e9parpillement g\u00e9ographique des participants, les User Groups assurent en plus une <strong>pr\u00e9sence sur le terrain<\/strong>. Lors des rencontres r\u00e9guli\u00e8res, ceci permet de prendre contact personnellement avec d\u2019autres utilisateurs et, le cas \u00e9ch\u00e9ant, d\u2019apporter aussi un ordinateur pour la r\u00e9solution d\u2019un probl\u00e8me. De plus, les User Groups tiennent g\u00e9n\u00e9ralement aussi leurs propres listes de mailing et d\u2019autres aides en ligne.<\/p>\n<p>Lors du premier <strong><a href=\"http:\/\/linux-presentation-day.org\" target=\"_blank\">Linux Presentation Day 2015<\/a><\/strong> international (initi\u00e9 par le <a href=\"http:\/\/www.belug.de\" target=\"_blank\">Linux User Group de Berlin<\/a>), les participants comptaient, outre plus de 70 villes en Allemagne et en Autriche, le <a href=\"http:\/\/www.lugs.ch\" target=\"_blank\">Linux User Group Switzerland<\/a> (Zurich), <a href=\"http:\/\/ruum42.ch\" target=\"_blank\">Ruum42<\/a> (Saint-Gall) et le <a href=\"http:\/\/lugbe.ch\" target=\"_blank\">Linux User Group Berne<\/a>. Cette coop\u00e9ration a engendr\u00e9 l\u2019id\u00e9e du Linux Presentation Day Suisse en commun.<\/p>\n<h3>Comment puis-je participer?<\/h3>\n<p>Si vous vous int\u00e9ressez \u00e0 l\u2019utilisation de Linux sur votre ordinateur personnel: recherchez dans notre <strong><a href=\"\/index.php\/fr\/dates-2\/\">agenda<\/a><\/strong> une date qui vous convient pr\u00e8s de chez vous et <strong>venez tout simplement nous rendre visite!<\/strong><\/p>\n<p>Si vous-m\u00eame souhaitez r\u00e9aliser une manifestation dans le cadre du Linux Presentation Day, <strong>prenez contact avec nous<\/strong> (<a href=\"javascript:link_add('ch','linuxday','info','Linux Presentation Day')\">info at linuxday . ch<\/a>). Vous trouverez <strong><a href=\"\/index.php\/fr\/participer\/\">ici des informations compl\u00e9mentaires pour co-organisateurs<\/a><\/strong>.<\/p>\n<p>&nbsp;<\/p>\n","protected":false},"excerpt":{"rendered":"<p>Qu\u2019est-ce que c&#8217;est le Linux Presentation Day? Le Linux Presentation Day Suisse \u2013 contrairement \u00e0 ce que sugg\u00e8re son nom \u2013 n\u2019est pas une journ\u00e9e unique enti\u00e8rement consacr\u00e9e \u00e0 Linux. En fait, c\u2019est plut\u00f4t une s\u00e9rie de manifestations dont les diff\u00e9rents \u00e9v\u00e9nements ont lieu en de nombreux endroits \u00e0 diff\u00e9rentes dates tout le long de &hellip; <a href=\"https:\/\/www.linux-presentation-day.ch\/index.php\/fr\/contexte\/\" class=\"more-link\"><span class=\"screen-reader-text\">Contexte<\/span> weiterlesen <span class=\"meta-nav\">&rarr;<\/span><\/a><\/p>\n","protected":false},"author":1,"featured_media":0,"parent":0,"menu_order":0,"comment_status":"closed","ping_status":"closed","template":"","meta":[],"_links":{"self":[{"href":"https:\/\/www.linux-presentation-day.ch\/index.php\/wp-json\/wp\/v2\/pages\/249"}],"collection":[{"href":"https:\/\/www.linux-presentation-day.ch\/index.php\/wp-json\/wp\/v2\/pages"}],"about":[{"href":"https:\/\/www.linux-presentation-day.ch\/index.php\/wp-json\/wp\/v2\/types\/page"}],"author":[{"embeddable":true,"href":"https:\/\/www.linux-presentation-day.ch\/index.php\/wp-json\/wp\/v2\/users\/1"}],"replies":[{"embeddable":true,"href":"https:\/\/www.linux-presentation-day.ch\/index.php\/wp-json\/wp\/v2\/comments?post=249"}],"version-history":[{"count":7,"href":"https:\/\/www.linux-presentation-day.ch\/index.php\/wp-json\/wp\/v2\/pages\/249\/revisions"}],"predecessor-version":[{"id":312,"href":"https:\/\/www.linux-presentation-day.ch\/index.php\/wp-json\/wp\/v2\/pages\/249\/revisions\/312"}],"wp:attachment":[{"href":"https:\/\/www.linux-presentation-day.ch\/index.php\/wp-json\/wp\/v2\/media?parent=249"}],"curies":[{"name":"wp","href":"https:\/\/api.w.org\/{rel}","templated":true}]}}