{"id":242,"date":"2016-01-18T21:33:10","date_gmt":"2016-01-18T20:33:10","guid":{"rendered":"http:\/\/test.linuxday.ch\/?page_id=242"},"modified":"2023-11-18T16:56:02","modified_gmt":"2023-11-18T15:56:02","slug":"bienvenue","status":"publish","type":"page","link":"https:\/\/www.linux-presentation-day.ch\/index.php\/fr\/","title":{"rendered":"Bienvenue au Linux Presentation Day Suisse!"},"content":{"rendered":"<p><!--\n\n\n<div class=\"stamp\">Prochaine date:\nSamedi 26 mars 2022<\/div>\n\n\n--><br \/>\nLe Linux Presentation Day Suisse est une s\u00e9rie de manifestations permettant aux personnes int\u00e9ress\u00e9es d\u2019obtenir des informations de premi\u00e8re main concernant <strong>Linux et ses possibilit\u00e9s d\u2019utilisation sur leur ordinateur personnel<\/strong>. Il a lieu deux fois par an dans le cadre du <strong><a href=\"http:\/\/linux-presentation-day.org\" target=\"_blank\" rel=\"noopener noreferrer\">Linux Presentation Day<\/a><\/strong> au niveau europ\u00e9en, parall\u00e8lement \u00e0 diff\u00e9rents endroits en Suisse.<\/p>\n<p><!--\n<b>\u00c0 cause de la situation actuelle avec ses restrictions l'\u00e9v\u00e9nement se tiendra en mani\u00e8re r\u00e9duite. Le c\u00e9rtificat Covid est obligatoire pour la participation.<\/b>\n--><\/p>\n<p>\u00c0 ces \u00e9v\u00e9nements, les personnes int\u00e9ress\u00e9es peuvent obtenir des informations de premi\u00e8re main sur Linux.<\/p>\n<ul class=\"callout\">\n<li><b>Ordinateurs Linux pr\u00e9-install\u00e9s pour s\u2019exercer<\/b><\/li>\n<li><b>Interlocuteurs et d\u00e9monstrations en direct sur place <\/b><\/li>\n<li><b>Encadrement technique pour les questions des d\u00e9butants et des exp\u00e9riment\u00e9s<\/b><\/li>\n<li><b>Informations compl\u00e9mentaires<\/b><\/li>\n<\/ul>\n<p>Retrouvez dans notre <strong><a href=\"\/index.php\/fr\/dates-2\/\">agenda<\/a><\/strong> le <strong>prochain Linux Presentation Day pr\u00e8s de chez vous<\/strong>!<\/p>\n<p>Le Linux Presentation Day est r\u00e9alis\u00e9 par de nombreux b\u00e9n\u00e9voles sur place des Linux User Groups locaux, issus d\u2019entreprises, d\u2019\u00e9coles et de \u00abhackerspaces\u00bb (clubs de technicien:nes). La participation est <strong>gratuite et sans engagement<\/strong>.<\/p>\n<h3>Avec Linux contre le vol de donn\u00e9es<\/h3>\n<p>Depuis quelques ann\u00e9es, on peut constater une tendance remarquable sur les ordinateurs, smartphones et tablettes: les syst\u00e8mes d&#8217;exploitation install\u00e9s se pr\u00e9occupent de moins en moins des besoins des utilisateurs et utilisatrices, mais de plus en plus de ceux des fabricants.<br \/>\nLes donn\u00e9es des utilisateurs\/utilisatrices sont plus ou moins secr\u00e8tement collect\u00e9es, analys\u00e9es et revendues, et ce que l&#8217;on peut faire avec les profils personnels en r\u00e9sultants est connu du moins depuis Cambridge Analytica. En outre, on entend de plus en plus parler des &#8222;assistants vocaux&#8220; \u00e0 l&#8217;\u00e9coute constante et de portes d\u00e9rob\u00e9es ajout\u00e9es intentionnellement dans le logiciel et le mat\u00e9riel &#8230; et l&#8217;obsolescence programm\u00e9e par les mises \u00e0 jour forc\u00e9es oblige \u00e0 l&#8217;achat de nouveaux \u00e9quipements.<\/p>\n<p>Mais tout cela n&#8217;est pas n\u00e9cessaire.<\/p>\n<p>Gr\u00e2ce au <b>syst\u00e8me d&#8217;exploitation libre Linux<\/b>, il y a une alternative.<\/p>\n<h3>Vous avez certainement d\u00e9j\u00e0 entendu parler de Linux!<\/h3>\n<p>Linux est un syst\u00e8me d\u2019exploitation libre pour ordinateurs et une alternative \u00e0 Windows ou MacOSX. Linux est aussi le syst\u00e8me sur lequel reposent tous les <strong>smartphones Android<\/strong>.<\/p>\n<p><strong>Libre?<\/strong> Il est libre surtout parce qu\u2019il n\u2019est pas d\u00e9velopp\u00e9 et vendu par une entreprise individuelle. Au lieu de cela, il est d\u00e9velopp\u00e9 b\u00e9n\u00e9volement par des milliers de volontaires dans le monde entier, si bien qu\u2019il est <strong>libre: sans acc\u00e8s cach\u00e9s, sans licences \u00e9hont\u00e9es, sans publicit\u00e9 \u00e9nervante<\/strong>.<\/p>\n<p>Int\u00e9ressant, non?<\/p>\n<p>Nous sommes du m\u00eame avis. Et c\u2019est pour cela que le <strong>Linux Presentation Day<\/strong> existe!<\/p>\n<table>\n<tbody>\n<tr>\n<td>\n<ul>\n<li><b>Linux, qui est-ce ou qu\u2019est-ce que c\u2019est?<\/b><br \/>\nR\u00e9ponses aux questions fr\u00e9quentes sur le syst\u00e8me d\u2019exploitation libre.<\/li>\n<li><b>Est-ce que cela peut m\u2019int\u00e9resser?<\/b><br \/>\nFaites un essai! Il y a suffisamment d\u2019ordinateurs aux manifestations.<\/li>\n<li><b>Mais je n\u2019y connais rien!<\/b><br \/>\nNos experts sur place seront bien s\u00fbr l\u00e0 pour vous conseiller et vous aider.<\/li>\n<\/ul>\n<\/td>\n<td style=\"text-align:center\">\n<img src=\"\/wp-content\/uploads\/2016\/01\/win2linlin.png\" alt=\"Linux on a happy computer\" width=\"350px\"><\/td>\n<\/tr>\n<\/tbody>\n<\/table>\n","protected":false},"excerpt":{"rendered":"<p>Le Linux Presentation Day Suisse est une s\u00e9rie de manifestations permettant aux personnes int\u00e9ress\u00e9es d\u2019obtenir des informations de premi\u00e8re main concernant Linux et ses possibilit\u00e9s d\u2019utilisation sur leur ordinateur personnel. Il a lieu deux fois par an dans le cadre du Linux Presentation Day au niveau europ\u00e9en, parall\u00e8lement \u00e0 diff\u00e9rents endroits en Suisse. \u00c0 ces &hellip; <a href=\"https:\/\/www.linux-presentation-day.ch\/index.php\/fr\/\" class=\"more-link\"><span class=\"screen-reader-text\">Bienvenue au Linux Presentation Day Suisse!<\/span> weiterlesen <span class=\"meta-nav\">&rarr;<\/span><\/a><\/p>\n","protected":false},"author":1,"featured_media":0,"parent":0,"menu_order":0,"comment_status":"closed","ping_status":"closed","template":"","meta":[],"_links":{"self":[{"href":"https:\/\/www.linux-presentation-day.ch\/index.php\/wp-json\/wp\/v2\/pages\/242"}],"collection":[{"href":"https:\/\/www.linux-presentation-day.ch\/index.php\/wp-json\/wp\/v2\/pages"}],"about":[{"href":"https:\/\/www.linux-presentation-day.ch\/index.php\/wp-json\/wp\/v2\/types\/page"}],"author":[{"embeddable":true,"href":"https:\/\/www.linux-presentation-day.ch\/index.php\/wp-json\/wp\/v2\/users\/1"}],"replies":[{"embeddable":true,"href":"https:\/\/www.linux-presentation-day.ch\/index.php\/wp-json\/wp\/v2\/comments?post=242"}],"version-history":[{"count":38,"href":"https:\/\/www.linux-presentation-day.ch\/index.php\/wp-json\/wp\/v2\/pages\/242\/revisions"}],"predecessor-version":[{"id":706,"href":"https:\/\/www.linux-presentation-day.ch\/index.php\/wp-json\/wp\/v2\/pages\/242\/revisions\/706"}],"wp:attachment":[{"href":"https:\/\/www.linux-presentation-day.ch\/index.php\/wp-json\/wp\/v2\/media?parent=242"}],"curies":[{"name":"wp","href":"https:\/\/api.w.org\/{rel}","templated":true}]}}