{"id":168,"date":"2016-01-08T12:04:30","date_gmt":"2016-01-08T11:04:30","guid":{"rendered":"http:\/\/test.linuxday.ch\/?page_id=168"},"modified":"2023-11-18T16:55:18","modified_gmt":"2023-11-18T15:55:18","slug":"benvenuti","status":"publish","type":"page","link":"https:\/\/www.linux-presentation-day.ch\/index.php\/it\/","title":{"rendered":"Benvenuti al Linux Presentation Day Svizzera!"},"content":{"rendered":"<p><!--\n\n\n<div class=\"stamp\">Prossima data:\nSabato 26 marzo 2022<\/div>\n\n\n--><br \/>\nIl Linux Day Presentation Svizzera \u00e8 una serie di eventi che offrono informazioni di prima mano su Linux e le sue variet\u00e0 d&#8217;impiego sul proprio computer personale, aperti a tutti. Questi eventi hanno luogo contemporaneamente in diverse citt\u00e0 svizzere due volte l&#8217;anno e sempre nell&#8217;ambito del <strong><a href=\"http:\/\/linux-presentation-day.org\" target=\"_blank\" rel=\"noopener noreferrer\">Linux Presentation Day<\/a><\/strong> europeo.<\/p>\n<p><!--\n<b>A causa della situazione attuale con le sue restrizioni l'evento si svolger\u00e0 in modo ridotto. Il certificato Covid \u00e8 obbligatorio per partecipare.<\/b>\n--><\/p>\n<p>Tutti gli interessati sono invitati ad informarsi su Linux presso dei utenti esperti durante gli eventi.<\/p>\n<ul class=\"callout\">\n<li><b>Sperimentazioni sui computer Linux preinstallati<\/b><\/li>\n<li><b>Interlocutori competenti e dimostrazioni dirette in loco<\/b><\/li>\n<li><b>Assistenza tecnica per ogni richiesta da parte di principianti ed utenti gi\u00e0 pratici<\/b><\/li>\n<li><b>Informazioni secondarie<\/b><\/li>\n<\/ul>\n<p>Guardate il nostro <strong><a href=\"\/index.php\/appuntamenti\/\">elenco di appuntamenti<\/a><\/strong> per trovare <strong>il prossimo Linux Presentation Day nei Vostri dintorni!<\/strong><\/p>\n<p>Il Linux Presentation Day viene organizzato sul posto da tanti volontari dei Linux User Groups locali, delle ditte, scuole e di &#8222;Hackerspaces&#8220; (Club di Tecnici). La partecipazione \u00e8 <strong>gratuita e senza impegno<\/strong>.<\/p>\n<h3>Con Linux contro il furto di dati<\/h3>\n<p>Da alcuni anni ormai si pu\u00f2 osservare una notevole tendenza nei computer, smartphone e tablet: I sistemi operativi installati si interessano sempre di meno ai desideri e alle esigenze degli utenti e purtroppo sempre di pi\u00f9 a quelli dei produttori.<br \/>\nI dati degli utenti vengono raccolti pi\u00f9 o meno segretamente, conseguentemente analizzati e poi rivenduti. Cosa si pu\u00f2 combinare con i profili personalizzati derivati da questi dati personali \u00e8 noto a tutti, al pi\u00f9 tardi sin dal caso Cambridge Analytica. Inoltre circolano notizie su &#8222;assistenti vocali&#8220; che origliano costantemente, nonch\u00e9 di accessi nascosti piazzati di proposito nel software e nel hardware. Per di pi\u00f9, gli utenti vengono costretti, tramite aggiornamenti forzati, ad acquistare nuovi dispositivi.<\/p>\n<p>Ma non \u00e8 necessario che sia cos\u00ec.<\/p>\n<p>Grazie al <b>sistema operativo libero Linux<\/b> esiste un&#8217;alternativa.<\/p>\n<h3>Sapete gi\u00e0 di Linux? Ma certo&#8230;<\/h3>\n<p>Linux \u00e8 un sistema operativo libero come anche un&#8217;alternativa valida a Windows o MacOSX. Linux \u00e8 persino il sistema base di <strong>tutti gli Smartphones Android<\/strong>.<\/p>\n<p><strong>Libero?<\/strong> Soprattutto \u00e8 libero perch\u00e9 non viene sviluppato e venduto di una ditta individuale ma viene elaborato da molte migliaia di volontari a titolo gratuito in tutto il mondo. Ecco perch\u0117 Linux \u00e8 <strong>privo di sentieri nascosti, licenze scandalose e di fastidiose pubblicit\u00e0<\/strong>.<\/p>\n<p>Ci\u00f2 sembra molto interessante, no?<\/p>\n<p>Siamo d&#8217;accordo anche noi&#8230; E cos\u00ec c&#8217;\u00e8 il <strong>Linux Presentation Day<\/strong>!<\/p>\n<table>\n<tbody>\n<tr>\n<td>\n<ul>\n<li><b>Chi o che cosa \u00e9 Linux?<\/b><br \/>\nRisposte a domande frequenti intorno al sistema operativo libero.<\/li>\n<li><b>Magari Linux sarebbe cosa per me?<\/b><br \/>\nProvatelo! All\u2019evento \u00e8 disponibile un numero sufficiente di computer.<\/li>\n<li><b>Ma io non ne so nulla!<\/b><br \/>\nI nostri esperti saranno presenti per assisterVi e darVi dei consigli utili.<\/li>\n<\/ul>\n<\/td>\n<td style=\"text-align:center\">\n<img src=\"\/wp-content\/uploads\/2016\/01\/win2linlin.png\" alt=\"Linux on a happy computer\" width=\"350px\"><\/td>\n<\/tr>\n<\/tbody>\n<\/table>\n","protected":false},"excerpt":{"rendered":"<p>Il Linux Day Presentation Svizzera \u00e8 una serie di eventi che offrono informazioni di prima mano su Linux e le sue variet\u00e0 d&#8217;impiego sul proprio computer personale, aperti a tutti. Questi eventi hanno luogo contemporaneamente in diverse citt\u00e0 svizzere due volte l&#8217;anno e sempre nell&#8217;ambito del Linux Presentation Day europeo. Tutti gli interessati sono invitati &hellip; <a href=\"https:\/\/www.linux-presentation-day.ch\/index.php\/it\/\" class=\"more-link\"><span class=\"screen-reader-text\">Benvenuti al Linux Presentation Day Svizzera!<\/span> weiterlesen <span class=\"meta-nav\">&rarr;<\/span><\/a><\/p>\n","protected":false},"author":1,"featured_media":0,"parent":0,"menu_order":0,"comment_status":"closed","ping_status":"closed","template":"","meta":[],"_links":{"self":[{"href":"https:\/\/www.linux-presentation-day.ch\/index.php\/wp-json\/wp\/v2\/pages\/168"}],"collection":[{"href":"https:\/\/www.linux-presentation-day.ch\/index.php\/wp-json\/wp\/v2\/pages"}],"about":[{"href":"https:\/\/www.linux-presentation-day.ch\/index.php\/wp-json\/wp\/v2\/types\/page"}],"author":[{"embeddable":true,"href":"https:\/\/www.linux-presentation-day.ch\/index.php\/wp-json\/wp\/v2\/users\/1"}],"replies":[{"embeddable":true,"href":"https:\/\/www.linux-presentation-day.ch\/index.php\/wp-json\/wp\/v2\/comments?post=168"}],"version-history":[{"count":50,"href":"https:\/\/www.linux-presentation-day.ch\/index.php\/wp-json\/wp\/v2\/pages\/168\/revisions"}],"predecessor-version":[{"id":704,"href":"https:\/\/www.linux-presentation-day.ch\/index.php\/wp-json\/wp\/v2\/pages\/168\/revisions\/704"}],"wp:attachment":[{"href":"https:\/\/www.linux-presentation-day.ch\/index.php\/wp-json\/wp\/v2\/media?parent=168"}],"curies":[{"name":"wp","href":"https:\/\/api.w.org\/{rel}","templated":true}]}}