{"id":125,"date":"2015-12-27T18:31:19","date_gmt":"2015-12-27T17:31:19","guid":{"rendered":"http:\/\/test.linuxday.ch\/?page_id=125"},"modified":"2019-11-08T14:27:08","modified_gmt":"2019-11-08T13:27:08","slug":"mitmachen","status":"publish","type":"page","link":"https:\/\/www.linux-presentation-day.ch\/index.php\/de\/mitmachen\/","title":{"rendered":"Mitmachen"},"content":{"rendered":"<p>Wenn Sie sich f\u00fcr den Einsatz von Linux auf dem eigenen Computer interessieren: Suchen Sie sich in unserer<strong> <a href=\"\/index.php\/de\/termine\/\">Terminliste<\/a><\/strong> einen passenden Termin in Ihrer N\u00e4he und <strong>kommen Sie einfach vorbei!<\/strong><\/p>\n<hr\/>\n<p>Am Linux Presentation Day kann jede\/r <strong>als Veranstalter\/in<\/strong> mitmachen, der\/die gern einen entsprechenden Anlass durchf\u00fchren m\u00f6chte. Es ist keine Mitgliedschaft oder sonstige Verbindung mit den <a href=\"\/index.php\/de\/impressum\/\">Verantwortlichen<\/a> von linuxday.ch oder linux-presentation-day.ch notwendig.<\/p>\n<p>Der Linux Presentation Day Schweiz findet zweimal j\u00e4hrlich im Rahmen des europaweiten Linux Presentation Day statt. Lokale Veranstaltungen k\u00f6nnen auch ausserhalb der gemeinsamen <a href=\"\/index.php\/de\/termine\/\"><strong>Termine<\/strong><\/a> stattfinden. Im allgemeinen w\u00e4re es aber gut, die gemeinsamen Termine zu ben\u00fctzen, das hilft bei der Pressearbeit.<\/p>\n<p>Jede\/r Veranstalter\/in kann nat\u00fcrlich seinen\/ihren Anlass so gestalten, wie er\/sie das am besten findet. Die nachfolgende Liste ist daher nur ein Leitfaden.<\/p>\n<p>Um einen Anlass im Rahmen des Linux Presentation Day durchzuf\u00fchren, brauchen Sie:<\/p>\n<ul>\n<li><b>Geeignete R\u00e4umlichkeiten:<\/b> Strom und Internet sowie ein paar Tische zum Aufstellen der Computer sollten vorhanden sein. Oft gibt es solche R\u00e4ume in Schulen, Universit\u00e4ten, Clublokalen usw. Auch Computer-Firmen haben oft R\u00e4umlichkeiten, die sie zur Verf\u00fcgung stellen k\u00f6nnen. Fragen kostet nichts, und aus den bisherigen Erfahrungen sind die Reaktionen positiver, als man annimmt.<\/li>\n<li><b>Vorf\u00fchr-Computer:<\/b> Einige Computer mit verschiedenen Desktops (Gnome, KDE usw.) und aktueller Desktop-Software (LibreOffice, Browser, E-Mail, Bildbearbeitung usw.). Wie genau die Installationen aussehen, und wie viele Computer es sind, entscheidet nat\u00fcrlich jede\/r Veranstalter\/in selber.<\/li>\n<li><strong>Helfer vor Ort:<\/strong> Linux-Anwender\/innen mit etwas Erfahrung auf den installierten Desktops.<\/li>\n<li><strong>Website und Kontaktperson:<\/strong> Wir ver\u00f6ffentlichen die Links auf die jeweiligen Veranstaltungen auf unserer <a href=\"\/index.php\/de\/termine\/\"><strong>Terminliste<\/strong><\/a> und machen im Vorfeld der halbj\u00e4hrlichen Haupttermine jeweils eine <strong>Presseaussendung<\/strong>. Die Seite sollte zumindest Ort und Zeit der Veranstaltung enthalten, damit wir sie verlinken k\u00f6nnen. Hilfreich (aber nicht zwingend) w\u00e4re dar\u00fcber hinaus eine Kontaktadresse f\u00fcr Anfragen von lokalen Besuchern im Vorfeld.<\/li>\n<\/ul>\n<p>Das war&#8217;s auch schon.<\/p>\n<p>Nehmen Sie m\u00f6glichst fr\u00fchzeitig mit uns <strong>Kontakt<\/strong> auf: <a href=\"javascript:link_add('ch','linuxday','info','Linux Presentation Day')\">info at linuxday . ch<\/a>, wenn Sie Fragen zur Durchf\u00fchrung, Organisation usw. haben. Wir helfen gerne, wo immer wir k\u00f6nnen! Und nat\u00fcrlich m\u00fcssen wir von Ihrem Anlass wissen, um ihn in unserer Terminliste und Presseaussendung aufzunehmen.<\/p>\n<p>F\u00fcr die Koordination unter den Mitveranstalter\/innen gibt es auch eine <strong><a href=\"https:\/\/maillist.linuxday.ch\/mailman\/listinfo\/lpd\" target=\"_blank\" rel=\"noopener noreferrer\">Mailingliste<\/a><\/strong>, dort werden auch Informationen von allgemeinem Interesse f\u00fcr Veranstalter\/innen ver\u00f6ffentlicht. <strong>Alle Mitveranstalter\/innen sollten daher diese Liste abonnieren!<\/strong><\/p>\n<p>&nbsp;<\/p>\n","protected":false},"excerpt":{"rendered":"<p>Wenn Sie sich f\u00fcr den Einsatz von Linux auf dem eigenen Computer interessieren: Suchen Sie sich in unserer Terminliste einen passenden Termin in Ihrer N\u00e4he und kommen Sie einfach vorbei! Am Linux Presentation Day kann jede\/r als Veranstalter\/in mitmachen, der\/die gern einen entsprechenden Anlass durchf\u00fchren m\u00f6chte. Es ist keine Mitgliedschaft oder sonstige Verbindung mit den &hellip; <a href=\"https:\/\/www.linux-presentation-day.ch\/index.php\/de\/mitmachen\/\" class=\"more-link\"><span class=\"screen-reader-text\">Mitmachen<\/span> weiterlesen <span class=\"meta-nav\">&rarr;<\/span><\/a><\/p>\n","protected":false},"author":1,"featured_media":0,"parent":0,"menu_order":0,"comment_status":"closed","ping_status":"closed","template":"","meta":[],"_links":{"self":[{"href":"https:\/\/www.linux-presentation-day.ch\/index.php\/wp-json\/wp\/v2\/pages\/125"}],"collection":[{"href":"https:\/\/www.linux-presentation-day.ch\/index.php\/wp-json\/wp\/v2\/pages"}],"about":[{"href":"https:\/\/www.linux-presentation-day.ch\/index.php\/wp-json\/wp\/v2\/types\/page"}],"author":[{"embeddable":true,"href":"https:\/\/www.linux-presentation-day.ch\/index.php\/wp-json\/wp\/v2\/users\/1"}],"replies":[{"embeddable":true,"href":"https:\/\/www.linux-presentation-day.ch\/index.php\/wp-json\/wp\/v2\/comments?post=125"}],"version-history":[{"count":14,"href":"https:\/\/www.linux-presentation-day.ch\/index.php\/wp-json\/wp\/v2\/pages\/125\/revisions"}],"predecessor-version":[{"id":612,"href":"https:\/\/www.linux-presentation-day.ch\/index.php\/wp-json\/wp\/v2\/pages\/125\/revisions\/612"}],"wp:attachment":[{"href":"https:\/\/www.linux-presentation-day.ch\/index.php\/wp-json\/wp\/v2\/media?parent=125"}],"curies":[{"name":"wp","href":"https:\/\/api.w.org\/{rel}","templated":true}]}}