{"id":10,"date":"2015-12-25T16:36:59","date_gmt":"2015-12-25T15:36:59","guid":{"rendered":"http:\/\/linux-presentation-day.catatec.ch\/?page_id=10"},"modified":"2023-11-18T16:55:43","modified_gmt":"2023-11-18T15:55:43","slug":"willkommen","status":"publish","type":"page","link":"https:\/\/www.linux-presentation-day.ch\/index.php\/de\/","title":{"rendered":"Herzlich willkommen am Linux Presentation Day Schweiz!"},"content":{"rendered":"<p><!--\n\n\n<div class=\"stamp\">N\u00e4chster Termin:\nSamstag, 26. M\u00e4rz 2022<\/div>\n\n\n--><br \/>\nDer Linux Presentation Day Schweiz ist eine Veranstaltungsreihe, an der sich Interessierte aus erster Hand \u00fcber <strong>Linux und seine Einsatzm\u00f6glichkeiten auf dem eigenen Computer<\/strong> informieren k\u00f6nnen. Er findet im Rahmen des europaweiten <a href=\"http:\/\/linux-presentation-day.org\" target=\"_blank\" rel=\"noopener noreferrer\"><strong>Linux Presentation Day<\/strong><\/a> zweimal j\u00e4hrlich zeitgleich in verschiedenen Orten in der Schweiz statt.<\/p>\n<p><!--\n<b>Aufgrund der gegenw\u00e4rtigen Lage mit ihren Einschr\u00e4nkungen wird der Anlass in reduziertem Umfang durchgef\u00fchrt. Das Covid-Zertifikat ist Voraussetzung f\u00fcr eine Teilnahme.<\/b>\n--><\/p>\n<p>An den Anl\u00e4ssen k\u00f6nnen sich Interessierte aus erster Hand \u00fcber Linux informieren.<\/p>\n<ul class=\"callout\">\n<li><b>Vorinstallierte Linux-Computer zum Ausprobieren<\/b><\/li>\n<li><b>Ansprechpartner und Live-Vorf\u00fchrungen vor Ort<\/b><\/li>\n<li><b>Technische Betreuung bei Anf\u00e4nger- und Fortgeschrittenen-Fragen<\/b><\/li>\n<li><b>Weiterf\u00fchrende Informationen<\/b><\/li>\n<\/ul>\n<p>Suchen Sie in unserer <strong><a href=\"\/index.php\/termine\/\">Terminliste<\/a><\/strong> den <strong>n\u00e4chsten Linux Presentation Day in Ihrer N\u00e4he!<\/strong><\/p>\n<p>Durchgef\u00fchrt wird der Linux Presentation Day von vielen Freiwilligen vor Ort aus den lokalen Linux User Groups, aus Firmen, Schulen und &#8222;Hackerspaces&#8220; (Techniker:innen-Klubs). Die Teilnahme ist <b>kostenlos und unverbindlich.<\/b><\/p>\n<h3>Mit Linux gegen den Datenklau<\/h3>\n<p>Seit einigen Jahren l\u00e4sst sich ein bemerkenswerter Trend bei Computern, Smartphones und Tablets feststellen: Die installierten Betriebssysteme k\u00fcmmern sich immer weniger um die W\u00fcnsche der Benutzer:innen und daf\u00fcr immer mehr um diejenigen der Hersteller.<br \/>\nDie Daten der Anwender:innen werden mehr oder weniger heimlich abgegriffen, analysiert und weiterverkauft, und was man mit den daraus entstehenden Personenprofilen anrichten kann, ist sp\u00e4testens seit Cambridge Analytica bekannt. Zudem machen Berichte \u00fcber st\u00e4ndig mitlauschende \u201cSprachassistenten\u201d sowie absichtlich eingebaute Hintert\u00fcren in Soft- und Hardware die Runde, und Benutzer:innen werden durch erzwungene Updates zum Kauf neuer Ger\u00e4te gen\u00f6tigt.<\/p>\n<p>Doch das muss nicht sein.<\/p>\n<p>Dank des <b>freien Betriebssystems Linux<\/b> gibt es eine Alternative.<\/p>\n<h3>Bestimmt haben Sie schon von Linux geh\u00f6rt!<\/h3>\n<p>Linux ist ein freies Betriebssystem f\u00fcr Computer und eine Alternative zu Windows oder MacOSX. Linux ist auch das System, auf dem <strong>alle Android-Smartphones<\/strong> basieren.<\/p>\n<p><b>Frei?<\/b> Frei ist es vor allem deswegen, weil es nicht von einer einzelnen Firma entwickelt und verkauft wird. Statt dessen wird es von vielen tausend Freiwilligen weltweit ehrenamtlich entwickelt, und dadurch ist es <b>frei von versteckten Hintert\u00fcrchen, frei von unversch\u00e4mten Lizenzen, frei von nerviger Werbung.<\/b><\/p>\n<p>Klingt doch interessant, oder?<\/p>\n<p>Das finden wir auch. Deshalb gibt es den <b>Linux Presentation Day!<\/b><\/p>\n<table>\n<tbody>\n<tr>\n<td>\n<ul>\n<li><b>Wer oder was ist Linux?<\/b><br \/>\nAntworten auf h\u00e4ufige Fragen rund um das freie Betriebssystem.<\/li>\n<li><b>W\u00e4re das etwas f\u00fcr mich?<\/b><br \/>\nProbieren Sie&#8217;s aus! An den Anl\u00e4ssen sind gen\u00fcgend Computer vorhanden.<\/li>\n<li><b>Aber ich kenn mich nicht aus!<\/b><br \/>\nUnsere Expert:innen vor Ort stehen Ihnen nat\u00fcrlich mit Rat und Tat zur Seite.<\/li>\n<\/ul>\n<\/td>\n<td style=\"text-align:center\">\n<img src=\"\/wp-content\/uploads\/2016\/01\/win2linlin.png\" alt=\"Linux on a happy computer\" width=\"350px\"><\/td>\n<\/tr>\n<\/tbody>\n<\/table>\n","protected":false},"excerpt":{"rendered":"<p>Der Linux Presentation Day Schweiz ist eine Veranstaltungsreihe, an der sich Interessierte aus erster Hand \u00fcber Linux und seine Einsatzm\u00f6glichkeiten auf dem eigenen Computer informieren k\u00f6nnen. Er findet im Rahmen des europaweiten Linux Presentation Day zweimal j\u00e4hrlich zeitgleich in verschiedenen Orten in der Schweiz statt. An den Anl\u00e4ssen k\u00f6nnen sich Interessierte aus erster Hand \u00fcber &hellip; <a href=\"https:\/\/www.linux-presentation-day.ch\/index.php\/de\/\" class=\"more-link\"><span class=\"screen-reader-text\">Herzlich willkommen am Linux Presentation Day Schweiz!<\/span> weiterlesen <span class=\"meta-nav\">&rarr;<\/span><\/a><\/p>\n","protected":false},"author":1,"featured_media":0,"parent":0,"menu_order":0,"comment_status":"closed","ping_status":"closed","template":"","meta":[],"_links":{"self":[{"href":"https:\/\/www.linux-presentation-day.ch\/index.php\/wp-json\/wp\/v2\/pages\/10"}],"collection":[{"href":"https:\/\/www.linux-presentation-day.ch\/index.php\/wp-json\/wp\/v2\/pages"}],"about":[{"href":"https:\/\/www.linux-presentation-day.ch\/index.php\/wp-json\/wp\/v2\/types\/page"}],"author":[{"embeddable":true,"href":"https:\/\/www.linux-presentation-day.ch\/index.php\/wp-json\/wp\/v2\/users\/1"}],"replies":[{"embeddable":true,"href":"https:\/\/www.linux-presentation-day.ch\/index.php\/wp-json\/wp\/v2\/comments?post=10"}],"version-history":[{"count":55,"href":"https:\/\/www.linux-presentation-day.ch\/index.php\/wp-json\/wp\/v2\/pages\/10\/revisions"}],"predecessor-version":[{"id":705,"href":"https:\/\/www.linux-presentation-day.ch\/index.php\/wp-json\/wp\/v2\/pages\/10\/revisions\/705"}],"wp:attachment":[{"href":"https:\/\/www.linux-presentation-day.ch\/index.php\/wp-json\/wp\/v2\/media?parent=10"}],"curies":[{"name":"wp","href":"https:\/\/api.w.org\/{rel}","templated":true}]}}